{"id":3,"date":"2024-07-22T09:21:41","date_gmt":"2024-07-22T09:21:41","guid":{"rendered":"https:\/\/thph.at\/?page_id=3"},"modified":"2025-11-10T19:39:48","modified_gmt":"2025-11-10T19:39:48","slug":"privacy-policy","status":"publish","type":"page","link":"https:\/\/thph.at\/?page_id=3","title":{"rendered":"Datenschutzerkl\u00e4rung"},"content":{"rendered":"\n<p>Wer wir sind<\/p>\n\n\n\n<p>Die Adresse unserer Website ist: <a href=\"https:\/\/thph.at\/wordpress\">https:\/\/thph.at<\/a><\/p>\n\n\n\n<p><a href=\"https:\/\/thph.at\/?page_id=53\">Impressum<\/a><\/p>\n\n\n\n<h1 class=\"wp-block-heading\" id=\"h-informationen-zur-dsgvo\">Informationen zur DSGVO<\/h1>\n\n\n\n<p><strong>Hinweise zum Datenschutz (DSGVO)<\/strong><\/p>\n\n\n\n<p>Im Sinne des Artikel 6 Datenschutz-Grundverordnung (DSGVO) erfolgt die Verarbeitung Ihrer personenbezogenen Daten ausschlie\u00dflich f\u00fcr Zwecke der Vertragserf\u00fcllung bzw. f\u00fcr Zwecke der Durchf\u00fchrung vorvertraglicher Ma\u00dfnahmen (Beratung, \u00dcbersendung von Produktinformationen und Unterbreitung von Angeboten).<\/p>\n\n\n\n<p>Die Daten bleiben bis zur Beendigung der Gesch\u00e4ftsbeziehung oder bis zum Ablauf der geltenden Garantie-, Gew\u00e4hrleistungs-, Verj\u00e4hrungs- und gesetzlichen Aufbewahrungsfristen oder bis zur Beendigung von allf\u00e4lligen Rechtsstreitigkeiten, bei denen die Daten als Beweis ben\u00f6tigt werden, gespeichert.<\/p>\n\n\n\n<p>Im Sinne des Artikel 13 DSGVO wird ausdr\u00fccklich auf das Bestehen folgender Betroffenenrechte hingewiesen:<\/p>\n\n\n\n<p>\u2013 Recht auf Auskunft \u00fcber die betreffenden personenbezogenen Daten<\/p>\n\n\n\n<p>\u2013 Recht auf Berichtigung<\/p>\n\n\n\n<p>\u2013 Recht auf L\u00f6schung<\/p>\n\n\n\n<p>\u2013 Recht auf Einschr\u00e4nkung der Verarbeitung<\/p>\n\n\n\n<p>\u2013 Widerspruchsrecht gegen die Verarbeitung<\/p>\n\n\n\n<p>\u2013 Recht auf Daten\u00fcbertragbarkeit<\/p>\n\n\n\n<p>\u2013 Beschwerderecht bei der Aufsichtsbeh\u00f6rde (Datenschutzbeh\u00f6rde)<\/p>\n\n\n\n<p>Verantwortlicher f\u00fcr die Datenverarbeitung: siehe\u00a0<a href=\"https:\/\/thph.at\/?page_id=53\">Impressum<\/a><\/p>\n\n\n\n<ol class=\"wp-block-list\">\n<li><strong>Inhalt<\/strong><\/li>\n<\/ol>\n\n\n\n<p>Der Autor \u00fcbernimmt keinerlei Gew\u00e4hr f\u00fcr die Aktualit\u00e4t, Korrektheit, Vollst\u00e4ndigkeit oder Qualit\u00e4t der bereitgestellten Informationen. Haftungsanspr\u00fcche gegen den Autor, welche sich auf Sch\u00e4den materieller oder ideeller Art beziehen, die durch die Nutzung oder Nichtnutzung der dargebotenen Informationen bzw. durch die Nutzung fehlerhafter und unvollst\u00e4ndiger Informationen verursacht wurden, sind grunds\u00e4tzlich ausgeschlossen, sofern seitens des Autors kein nachweislich vors\u00e4tzliches oder grob fahrl\u00e4ssiges Verschulden vorliegt.<\/p>\n\n\n\n<p>Alle Angebote sind freibleibend und unverbindlich. Der Autor beh\u00e4lt es sich ausdr\u00fccklich vor, Teile der Seiten oder das gesamte Angebot ohne gesonderte Ank\u00fcndigung zu ver\u00e4ndern, zu erg\u00e4nzen, zu l\u00f6schen oder die Ver\u00f6ffentlichung zeitweise oder endg\u00fcltig einzustellen.<\/p>\n\n\n\n<ol class=\"wp-block-list\">\n<li><strong>Verweise und Links<\/strong><\/li>\n<\/ol>\n\n\n\n<p>Bei direkten oder indirekten Verweisen auf fremde Webseiten (\u201cHyperlinks\u201d), die au\u00dferhalb des Verantwortungsbereiches des Autors liegen, w\u00fcrde eine Haftungsverpflichtung ausschlie\u00dflich in dem Fall in Kraft treten, in dem der Autor von den Inhalten Kenntnis hat und es ihm technisch m\u00f6glich und zumutbar w\u00e4re, die Nutzung im Falle rechtswidriger Inhalte zu verhindern.<\/p>\n\n\n\n<p>Der Autor erkl\u00e4rt hiermit ausdr\u00fccklich, dass zum Zeitpunkt der Linksetzung keine illegalen Inhalte auf den zu verlinkenden Seiten erkennbar waren. Auf die aktuelle und zuk\u00fcnftige Gestaltung, die Inhalte oder die Urheberschaft der verlinkten\/verkn\u00fcpften Seiten hat der Autor keinerlei Einfluss. Deshalb distanziert er sich hiermit ausdr\u00fccklich von allen Inhalten aller verlinkten \/verkn\u00fcpften Seiten, die nach der Linksetzung ver\u00e4ndert wurden. Diese Feststellung gilt f\u00fcr alle innerhalb des eigenen Internetangebotes gesetzten Links und Verweise sowie f\u00fcr Fremdeintr\u00e4ge in vom Autor eingerichteten G\u00e4steb\u00fcchern, Diskussionsforen, Linkverzeichnissen, Mailinglisten und in allen anderen Formen von Datenbanken, auf deren Inhalt externe Schreibzugriffe m\u00f6glich sind. F\u00fcr illegale, fehlerhafte oder unvollst\u00e4ndige Inhalte und insbesondere f\u00fcr Sch\u00e4den, die aus der Nutzung oder Nichtnutzung solcherart dargebotener Informationen entstehen, haftet allein der Anbieter der Seite, auf welche verwiesen wurde, nicht derjenige, der \u00fcber Links auf die jeweilige Ver\u00f6ffentlichung lediglich verweist.<\/p>\n\n\n\n<ol class=\"wp-block-list\">\n<li><strong>Urheber- und Kennzeichenrecht<\/strong><\/li>\n<\/ol>\n\n\n\n<p>Der Autor ist bestrebt, in allen Publikationen die Urheberrechte der verwendeten Bilder, Grafiken, Tondokumente, Videosequenzen und Texte zu beachten, von ihm selbst erstellte Bilder, Grafiken, Tondokumente, Videosequenzen und Texte zu nutzen oder auf lizenzfreie Grafiken, Tondokumente, Videosequenzen und Texte zur\u00fcckzugreifen.<\/p>\n\n\n\n<p>Alle innerhalb des Internetangebotes genannten und ggf. durch Dritte gesch\u00fctzten Marken- und Warenzeichen unterliegen uneingeschr\u00e4nkt den Bestimmungen des jeweils g\u00fcltigen Kennzeichenrechts und den Besitzrechten der jeweiligen eingetragenen Eigent\u00fcmer. Allein aufgrund der blo\u00dfen Nennung ist nicht der Schluss zu ziehen, dass Markenzeichen nicht durch Rechte Dritter gesch\u00fctzt sind!<\/p>\n\n\n\n<p>Das Copyright f\u00fcr ver\u00f6ffentlichte, vom Autor selbst erstellte Objekte bleibt allein beim Autor der Seiten. Eine Vervielf\u00e4ltigung oder Verwendung solcher Grafiken, Tondokumente, Videosequenzen und Texte in anderen elektronischen oder gedruckten Publikationen ist ohne ausdr\u00fcckliche Zustimmung des Autors nicht gestattet.<\/p>\n\n\n\n<ol class=\"wp-block-list\">\n<li><strong>Datenschutz<\/strong><\/li>\n<\/ol>\n\n\n\n<p>Sofern innerhalb des Internetangebotes die M\u00f6glichkeit zur Eingabe pers\u00f6nlicher oder gesch\u00e4ftlicher Daten (Emailadressen, Namen, Anschriften) besteht, so erfolgt die Preisgabe dieser Daten seitens des Nutzers auf ausdr\u00fccklich freiwilliger Basis. Die Inanspruchnahme und Bezahlung aller angebotenen Dienste ist \u2013 soweit technisch m\u00f6glich und zumutbar \u2013 auch ohne Angabe solcher Daten bzw. unter Angabe anonymisierter Daten oder eines Pseudonyms gestattet. Die Nutzung der im Rahmen des Impressums oder vergleichbarer Angaben ver\u00f6ffentlichten Kontaktdaten wie Postanschriften, Telefon- und Faxnummern sowie Emailadressen durch Dritte zur \u00dcbersendung von nicht ausdr\u00fccklich angeforderten Informationen ist nicht gestattet. Rechtliche Schritte gegen die Versender von sogenannten Spam-Mails bei Verst\u00f6ssen gegen dieses Verbot sind ausdr\u00fccklich vorbehalten.<\/p>\n\n\n\n<ol class=\"wp-block-list\">\n<li><strong>Rechtswirksamkeit dieses Haftungsausschlusses<\/strong><\/li>\n<\/ol>\n\n\n\n<p>Dieser Haftungsausschluss ist als Teil des Internetangebotes zu betrachten, von dem aus auf diese Seite verwiesen wurde. Sofern Teile oder einzelne Formulierungen dieses Textes der geltenden Rechtslage nicht, nicht mehr oder nicht vollst\u00e4ndig entsprechen sollten, bleiben die \u00fcbrigen Teile des Dokumentes in ihrem Inhalt und ihrer G\u00fcltigkeit davon unber\u00fchrt.<\/p>\n\n\n\n<h1 class=\"wp-block-heading\" id=\"h-informationen-zu-beitragen-von-besuchern\">Informationen zu Beitr\u00e4gen von Besuchern:<\/h1>\n\n\n\n<h2 class=\"wp-block-heading\" id=\"h-kommentare\">Kommentare<\/h2>\n\n\n\n<p>Wenn Besucher Kommentare auf der Website schreiben, sammeln wir die Daten, die im Kommentar-Formular angezeigt werden, au\u00dferdem die IP-Adresse des Besuchers und den User-Agent-String (damit wird der Browser identifiziert), um die Erkennung von Spam zu unterst\u00fctzen.<\/p>\n\n\n\n<p>Aus ihrer E-Mail-Adresse kann eine anonymisierte Zeichenfolge erstellt (auch Hash genannt) und dem Gravatar-Dienst \u00fcbergeben werden, um zu pr\u00fcfen, ob du diesen benutzt. Die Datenschutzerkl\u00e4rung des Gravatar-Dienstes findest du hier: <a href=\"https:\/\/automattic.com\/privacy\/\">https:\/\/automattic.com\/privacy\/<\/a>. Nachdem dein Kommentar freigegeben wurde, ist ihr Profilbild \u00f6ffentlich im Kontext deines Kommentars sichtbar.<\/p>\n\n\n\n<h2 class=\"wp-block-heading\" id=\"h-medien\">Medien<\/h2>\n\n\n\n<p>Wenn sie ein registrierter Benutzer sind und Fotos auf diese Website laden, sollten sie vermeiden, Fotos mit einem EXIF-GPS-Standort hochzuladen. Besucher dieser Website k\u00f6nnten Fotos, die auf dieser Website gespeichert sind, herunterladen und deren Standort-Informationen extrahieren.<\/p>\n\n\n\n<h2 class=\"wp-block-heading\" id=\"h-cookies\">Cookies<\/h2>\n\n\n\n<p>Wenn sie einen Kommentar auf unserer Website schreiben, kann das eine Einwilligung sein, ihren Namen, E-Mail-Adresse und Website in Cookies zu speichern. Dies ist eine Komfortfunktion, damit sie nicht, wenn sie einen weiteren Kommentar schreiben, all diese Daten erneut eingeben m\u00fcssen. Diese Cookies werden ein Jahr lang gespeichert.<\/p>\n\n\n\n<p>Falls sie ein Konto haben und sie sich auf dieser Website anmelden, werden wir ein tempor\u00e4res Cookie setzen, um festzustellen, ob dein Browser Cookies akzeptiert. Dieses Cookie enth\u00e4lt keine personenbezogenen Daten und wird verworfen, wenn sie ihren Browser schlie\u00dfen.<\/p>\n\n\n\n<p>Wenn sie sich anmeldeen, werden wir einige Cookies einrichten, um ihre Anmeldeinformationen und Anzeigeoptionen zu speichern. Anmelde-Cookies verfallen nach zwei Tagen und Cookies f\u00fcr die Anzeigeoptionen nach einem Jahr. Falls sie bei der Anmeldung \u201eAngemeldet bleiben\u201c ausw\u00e4hlen, wird ihre Anmeldung zwei Wochen lang aufrechterhalten. Mit der Abmeldung aus deinem Konto werden die Anmelde-Cookies gel\u00f6scht.<\/p>\n\n\n\n<p>Wenn sie einen Artikel bearbeiten oder ver\u00f6ffentlichen, wird ein zus\u00e4tzlicher Cookie in ihrem Browser gespeichert. Dieser Cookie enth\u00e4lt keine personenbezogenen Daten und verweist nur auf die Beitrags-ID des Artikels, den sie gerade bearbeitet haben. Der Cookie verf\u00e4llt nach einem Tag.<\/p>\n\n\n\n<h2 class=\"wp-block-heading\" id=\"h-eingebettete-inhalte-von-anderen-websites\">Eingebettete Inhalte von anderen Websites<\/h2>\n\n\n\n<p>Beitr\u00e4ge auf dieser Website k\u00f6nnen eingebettete Inhalte beinhalten (z.&nbsp;B. Videos, Bilder, Beitr\u00e4ge etc.). Eingebettete Inhalte von anderen Websites verhalten sich exakt so, als ob der Besucher die andere Website besucht h\u00e4tte.<\/p>\n\n\n\n<p>Diese Websites k\u00f6nnen Daten \u00fcber sie sammeln, Cookies benutzen, zus\u00e4tzliche Tracking-Dienste von Dritten einbetten und deine Interaktion mit diesem eingebetteten Inhalt aufzeichnen, inklusive deiner Interaktion mit dem eingebetteten Inhalt, falls sie ein Konto haben und auf dieser Website angemeldet sind.<\/p>\n\n\n\n<h2 class=\"wp-block-heading\" id=\"h-mit-wem-wir-ihre-daten-teilen\">Mit wem wir ihre Daten teilen<\/h2>\n\n\n\n<p>Wenn sie eine Zur\u00fccksetzung des Passworts beantragst, wird ihre IP-Adresse in der E-Mail zur Zur\u00fccksetzung enthalten sein.<\/p>\n\n\n\n<h2 class=\"wp-block-heading\" id=\"h-wie-lange-wir-ihre-daten-speichern\">Wie lange wir ihre Daten speichern<\/h2>\n\n\n\n<p>Wenn sie einen Kommentar schreiben, wird dieser inklusive Metadaten zeitlich unbegrenzt gespeichert. Auf diese Art k\u00f6nnen wir Folgekommentare automatisch erkennen und freigeben, anstatt sie in einer Moderations-Warteschlange festzuhalten.<\/p>\n\n\n\n<p>F\u00fcr Benutzer, die sich auf unserer Website registrieren, speichern wir zus\u00e4tzlich die pers\u00f6nlichen Informationen, die sie in ihren Benutzerprofilen angeben. Alle Benutzer k\u00f6nnen jederzeit ihre pers\u00f6nlichen Informationen einsehen, ver\u00e4ndern oder l\u00f6schen (der Benutzername kann nicht ver\u00e4ndert werden). Administratoren der Website k\u00f6nnen diese Informationen ebenfalls einsehen und ver\u00e4ndern.<\/p>\n\n\n\n<h2 class=\"wp-block-heading\" id=\"h-welche-rechte-sie-an-ihren-daten-haben\">Welche Rechte sie an ihren Daten haben<\/h2>\n\n\n\n<p>Wenn sie ein Konto auf dieser Website besitzen oder Kommentare geschrieben haben, k\u00f6nnen sie einen Export deiner personenbezogenen Daten bei uns anfordern, inklusive aller Daten, die sie uns mitgeteilt haben. Dar\u00fcber hinaus k\u00f6nnen sie die L\u00f6schung aller personenbezogenen Daten, die wir von ihnen gespeichert haben, anfordern. Dies umfasst nicht die Daten, die wir aufgrund administrativer, rechtlicher oder sicherheitsrelevanter Notwendigkeiten aufbewahren m\u00fcssen.<\/p>\n\n\n\n<h2 class=\"wp-block-heading\" id=\"h-wohin-deine-daten-gesendet-werden\">Wohin deine Daten gesendet werden<\/h2>\n\n\n\n<p>Besucher-Kommentare k\u00f6nnten von einem automatisierten Dienst zur Spam-Erkennung untersucht werden.<\/p>\n","protected":false},"excerpt":{"rendered":"<p>Wer wir sind Die Adresse unserer Website ist: https:\/\/thph.at Impressum Informationen zur DSGVO Hinweise zum Datenschutz (DSGVO) Im Sinne des Artikel 6 Datenschutz-Grundverordnung (DSGVO) erfolgt die Verarbeitung Ihrer personenbezogenen Daten ausschlie\u00dflich f\u00fcr Zwecke der Vertragserf\u00fcllung bzw. f\u00fcr Zwecke der Durchf\u00fchrung vorvertraglicher Ma\u00dfnahmen (Beratung, \u00dcbersendung von Produktinformationen und Unterbreitung von Angeboten). Die Daten bleiben bis zur [&hellip;]<\/p>\n","protected":false},"author":1,"featured_media":0,"parent":0,"menu_order":0,"comment_status":"closed","ping_status":"open","template":"","meta":{"footnotes":""},"class_list":["post-3","page","type-page","status-publish","hentry"],"jetpack_sharing_enabled":true,"_links":{"self":[{"href":"https:\/\/thph.at\/index.php?rest_route=\/wp\/v2\/pages\/3","targetHints":{"allow":["GET"]}}],"collection":[{"href":"https:\/\/thph.at\/index.php?rest_route=\/wp\/v2\/pages"}],"about":[{"href":"https:\/\/thph.at\/index.php?rest_route=\/wp\/v2\/types\/page"}],"author":[{"embeddable":true,"href":"https:\/\/thph.at\/index.php?rest_route=\/wp\/v2\/users\/1"}],"replies":[{"embeddable":true,"href":"https:\/\/thph.at\/index.php?rest_route=%2Fwp%2Fv2%2Fcomments&post=3"}],"version-history":[{"count":5,"href":"https:\/\/thph.at\/index.php?rest_route=\/wp\/v2\/pages\/3\/revisions"}],"predecessor-version":[{"id":83,"href":"https:\/\/thph.at\/index.php?rest_route=\/wp\/v2\/pages\/3\/revisions\/83"}],"wp:attachment":[{"href":"https:\/\/thph.at\/index.php?rest_route=%2Fwp%2Fv2%2Fmedia&parent=3"}],"curies":[{"name":"wp","href":"https:\/\/api.w.org\/{rel}","templated":true}]}}