{"id":53,"date":"2024-07-22T15:42:27","date_gmt":"2024-07-22T15:42:27","guid":{"rendered":"https:\/\/thph.at\/?page_id=53"},"modified":"2025-11-10T19:41:37","modified_gmt":"2025-11-10T19:41:37","slug":"impressum","status":"publish","type":"page","link":"https:\/\/thph.at\/?page_id=53","title":{"rendered":"Impressum"},"content":{"rendered":"\n<p><strong>thph Ingenieurb\u00fcro &#8211; Dipl.-Ing. Thomas Philipp<\/strong><br>Hainzenbachstrasse 59, 4060 Leonding<br>ATU61908537<br><br>Tel.-Nr.: +43 677 6344 0450<br>Email: office(a)<a href=\"http:\/\/thph.at\">thph.at<\/a><\/p>\n\n\n\n<p><strong>Bankverbindung:<\/strong><br>HYPO O\u00d6, IBAN: AT45 5400 0000 1305 4986, BIC: OBLAAT2L<\/p>\n\n\n\n<p><strong>Unternehmensgegenstand:<\/strong><br>Ingenieurb\u00fcros (Beratende Ingenieure) auf dem Fachgebiet Maschinenbau<br>GISA-Zahl: 35448181, Entstehung: 1.6.2023<\/p>\n\n\n\n<p><strong>F\u00fcr den Inhalt verantwortlich:<\/strong><br>DI Thomas PHILIPP<br><a href=\"https:\/\/thph.at\/?page_id=3\" data-type=\"link\" data-id=\"https:\/\/thph.at\/index.php\/datenschutzerklaerung\/\">Datenschutzerkl\u00e4rung<\/a><\/p>\n\n\n\n<figure class=\"wp-block-image size-full is-resized\"><img loading=\"lazy\" decoding=\"async\" width=\"839\" height=\"635\" src=\"https:\/\/thph.at\/wp-content\/uploads\/2024\/07\/logoThph_17b_color.webp\" alt=\"\" class=\"wp-image-12\" style=\"width:213px;height:auto\" srcset=\"https:\/\/thph.at\/wp-content\/uploads\/2024\/07\/logoThph_17b_color.webp 839w, https:\/\/thph.at\/wp-content\/uploads\/2024\/07\/logoThph_17b_color-300x227.webp 300w, https:\/\/thph.at\/wp-content\/uploads\/2024\/07\/logoThph_17b_color-768x581.webp 768w\" sizes=\"auto, (max-width: 839px) 100vw, 839px\" \/><\/figure>\n\n\n\n<p><\/p>\n","protected":false},"excerpt":{"rendered":"<p>thph Ingenieurb\u00fcro &#8211; Dipl.-Ing. Thomas PhilippHainzenbachstrasse 59, 4060 LeondingATU61908537 Tel.-Nr.: +43 677 6344 0450Email: office(a)thph.at Bankverbindung:HYPO O\u00d6, IBAN: AT45 5400 0000 1305 4986, BIC: OBLAAT2L Unternehmensgegenstand:Ingenieurb\u00fcros (Beratende Ingenieure) auf dem Fachgebiet MaschinenbauGISA-Zahl: 35448181, Entstehung: 1.6.2023 F\u00fcr den Inhalt verantwortlich:DI Thomas PHILIPPDatenschutzerkl\u00e4rung<\/p>\n","protected":false},"author":1,"featured_media":0,"parent":0,"menu_order":0,"comment_status":"closed","ping_status":"closed","template":"","meta":{"footnotes":""},"class_list":["post-53","page","type-page","status-publish","hentry"],"jetpack_sharing_enabled":true,"_links":{"self":[{"href":"https:\/\/thph.at\/index.php?rest_route=\/wp\/v2\/pages\/53","targetHints":{"allow":["GET"]}}],"collection":[{"href":"https:\/\/thph.at\/index.php?rest_route=\/wp\/v2\/pages"}],"about":[{"href":"https:\/\/thph.at\/index.php?rest_route=\/wp\/v2\/types\/page"}],"author":[{"embeddable":true,"href":"https:\/\/thph.at\/index.php?rest_route=\/wp\/v2\/users\/1"}],"replies":[{"embeddable":true,"href":"https:\/\/thph.at\/index.php?rest_route=%2Fwp%2Fv2%2Fcomments&post=53"}],"version-history":[{"count":5,"href":"https:\/\/thph.at\/index.php?rest_route=\/wp\/v2\/pages\/53\/revisions"}],"predecessor-version":[{"id":410,"href":"https:\/\/thph.at\/index.php?rest_route=\/wp\/v2\/pages\/53\/revisions\/410"}],"wp:attachment":[{"href":"https:\/\/thph.at\/index.php?rest_route=%2Fwp%2Fv2%2Fmedia&parent=53"}],"curies":[{"name":"wp","href":"https:\/\/api.w.org\/{rel}","templated":true}]}}